{"id":81,"date":"2014-08-12T16:35:42","date_gmt":"2014-08-12T14:35:42","guid":{"rendered":"http:\/\/www.afyoncandiyaliz.com\/?page_id=81"},"modified":"2023-08-03T14:14:26","modified_gmt":"2023-08-03T12:14:26","slug":"adres-telefon","status":"publish","type":"page","link":"https:\/\/www.afyoncandiyaliz.com\/index.php\/adres-telefon","title":{"rendered":"Adres &#038; Telefon"},"content":{"rendered":"<p>\u00d6ZEL AFYONCAN D\u0130YAL\u0130Z MERKEZ\u0130<br \/>Sel\u00e7uklu Mah. Atat\u00fcrk Cad. No: 54\/A Merkez\/AFYONKARAH\u0130SAR<br \/>Telefon : 0 272 213 30 09 Gsm: 0 532 724 17 18 Fax: 0 272 213 40 09<br \/>E Mail: afyoncan@gmail.com<\/p>\n<div class=\"su-gmap su-u-responsive-media-yes\"><iframe loading=\"lazy\" width=\"680\" height=\"460\" src=\"\/\/maps.google.com\/maps?q=Selcuklu%20Mah.%20Ataturk%20Cad.%20No%3A%2054%2FA%20AFYONKARAH%C4%B0SAR&amp;output=embed\" title=\"\"><\/iframe><\/div>\n\n\n<p><\/p>\n\n\n\n<p><\/p>\n\n\n\n<p><\/p>\n","protected":false},"excerpt":{"rendered":"<p>\u00d6ZEL AFYONCAN D\u0130YAL\u0130Z MERKEZ\u0130Sel\u00e7uklu Mah. Atat\u00fcrk Cad. No: 54\/A Merkez\/AFYONKARAH\u0130SARTelefon : 0 272 213 30 09 Gsm: 0 532 724 17 18 Fax: 0 272 213 40 09E Mail: afyoncan@gmail.com<\/p>\n","protected":false},"author":4,"featured_media":0,"parent":0,"menu_order":0,"comment_status":"closed","ping_status":"closed","template":"","meta":{"footnotes":""},"class_list":["post-81","page","type-page","status-publish","hentry"],"_links":{"self":[{"href":"https:\/\/www.afyoncandiyaliz.com\/index.php\/wp-json\/wp\/v2\/pages\/81","targetHints":{"allow":["GET"]}}],"collection":[{"href":"https:\/\/www.afyoncandiyaliz.com\/index.php\/wp-json\/wp\/v2\/pages"}],"about":[{"href":"https:\/\/www.afyoncandiyaliz.com\/index.php\/wp-json\/wp\/v2\/types\/page"}],"author":[{"embeddable":true,"href":"https:\/\/www.afyoncandiyaliz.com\/index.php\/wp-json\/wp\/v2\/users\/4"}],"replies":[{"embeddable":true,"href":"https:\/\/www.afyoncandiyaliz.com\/index.php\/wp-json\/wp\/v2\/comments?post=81"}],"version-history":[{"count":12,"href":"https:\/\/www.afyoncandiyaliz.com\/index.php\/wp-json\/wp\/v2\/pages\/81\/revisions"}],"predecessor-version":[{"id":277,"href":"https:\/\/www.afyoncandiyaliz.com\/index.php\/wp-json\/wp\/v2\/pages\/81\/revisions\/277"}],"wp:attachment":[{"href":"https:\/\/www.afyoncandiyaliz.com\/index.php\/wp-json\/wp\/v2\/media?parent=81"}],"curies":[{"name":"wp","href":"https:\/\/api.w.org\/{rel}","templated":true}]}}