{"id":260,"date":"2022-11-16T14:47:31","date_gmt":"2022-11-16T12:47:31","guid":{"rendered":"https:\/\/www.afyoncandiyaliz.com\/?page_id=260"},"modified":"2022-11-16T14:47:32","modified_gmt":"2022-11-16T12:47:32","slug":"amac-ve-hedefler","status":"publish","type":"page","link":"http:\/\/www.afyoncandiyaliz.com\/index.php\/amac-ve-hedefler","title":{"rendered":"Ama\u00e7 Ve Hedefler"},"content":{"rendered":"\n<p><strong>KURUMSAL AMA\u00c7<\/strong>&nbsp;&nbsp;<\/p>\n\n\n\n<p>B\u00fct\u00fcn sa\u011fl\u0131k sistemlerinin ve hizmetlerinin 4 temel ilkesi olan;<\/p>\n\n\n\n<p><strong>1.Etkililik(kan\u0131ta dayal\u0131 t\u0131p)<\/strong>&nbsp;ilkesini; koruyucu tedaviyi \u00f6n planda tutarak, hemodiyaliz sorunlar\u0131n\u0131 bilimsel ve etik kurallara uygun olarak yerine getirerek,<\/p>\n\n\n\n<p><strong>2.Verimlilik<\/strong>&nbsp;ilkesini; kalite standartlar\u0131na uygun \u00e7al\u0131\u015fma ortam\u0131n\u0131 sa\u011flayarak,<\/p>\n\n\n\n<p><strong>&nbsp;3. Hakkaniyet(temel\/sa\u011fl\u0131k hukuku<\/strong>) ilkesini; hasta ve \u00e7al\u0131\u015fan memnuniyetlerini en \u00fcst d\u00fczeyde tutarak;<\/p>\n\n\n\n<p><strong>4.\u0130nsaniyet(hizmet kalitesi<\/strong>) ilkesini; kaliteli ve kolay ula\u015f\u0131labilir hemediyaliz &nbsp;hizmeti sunarak &nbsp;<\/p>\n\n\n\n<p>Bu ilkeleri yerine getirmekteyiz. Bu ilkeleri yerine getirerek; kurumumuzun amac\u0131 olarak hizmet vermekteyiz.<\/p>\n\n\n\n<p><strong>KURUMSAL HEDEFLER<\/strong><\/p>\n\n\n\n<ul class=\"wp-block-list\">\n<li>Merkezimizde sunulan her t\u00fcrl\u00fc sa\u011fl\u0131k hizmetinin, hasta ve \u00e7al\u0131\u015fan memnuniyetini sa\u011flayacak \u015fekilde verilmesini sa\u011flamak,<\/li>\n\n\n\n<li>Yenilik\u00e7i ve kendini geli\u015ftiren anlay\u0131\u015f\u0131 benimsemek,<\/li>\n\n\n\n<li>Merkezimizdeki hasta bekleme alanlar\u0131nda hastalar\u0131m\u0131z\u0131n raha ve konforunu sa\u011flamak i\u00e7in, bekleme alanlar\u0131n\u0131 ve oturma gruplar\u0131n\u0131n durumlar\u0131n\u0131 hastalar\u0131n ihtiyac\u0131n\u0131 kar\u015f\u0131layacak \u015fekilde yeniden d\u00fczenlemek ve oturma gruplar\u0131n\u0131n bu alanlara konulmas\u0131n\u0131 sa\u011flamak,<\/li>\n\n\n\n<li>Merkezimizdeki t\u00fcm kalite \u00e7al\u0131\u015fmalar\u0131na y\u00f6nelik yenilik\u00e7i ve kendini geli\u015ftiren anlay\u0131\u015f \u00e7er\u00e7evesinde ilgili ekipleri olu\u015fturmak, ekip ruhu ve tak\u0131m \u00e7al\u0131\u015fmas\u0131na \u00f6nem vererek t\u00fcm birimlerde yenilik\u00e7i d\u00fczenlemeler yapmak, yap\u0131lan d\u00fczenlemeleri s\u00fcrekli g\u00fcncel tutmak,<\/li>\n\n\n\n<li>Diyaliz Merkezi \u00e7al\u0131\u015fanlar\u0131m\u0131za y\u00f6nelik sa\u011fl\u0131k hizmetleri ihtiya\u00e7lar\u0131n\u0131 kar\u015f\u0131lamak \u00fczere uygun birimler olu\u015fturmak,<\/li>\n\n\n\n<li>Merkezimizin elektrik t\u00fcketiminde tasarruf sa\u011flamak,<\/li>\n\n\n\n<li>Merkezimizin binas\u0131nda gerekli g\u00f6r\u00fclen tamirat ve tadilatlar\u0131 yapmak,<\/li>\n\n\n\n<li>Merkez teknik alt yap\u0131s\u0131na y\u00f6nelik cihaz ve donan\u0131m eksikliklerini gidermek,<\/li>\n\n\n\n<li>Merkezimizin g\u00f6rsel alanlar\u0131n\u0131 modernize etmek,<\/li>\n\n\n\n<li>Ihtiya\u00e7lar do\u011frultusunda Diyaliz Merkezin\u2019de \u00e7al\u0131\u015facak idari ve sa\u011fl\u0131k personel say\u0131s\u0131n\u0131 art\u0131rmak,<\/li>\n\n\n\n<li>Diyaliz Merkezi \u00e7al\u0131\u015fanlar\u0131na y\u00f6nelik ki\u015fisel geli\u015fim e\u011fitimleri vermek<\/li>\n\n\n\n<li>Diyaliz Merkezi \u00e7al\u0131\u015fanlar\u0131na y\u00f6nelik hizmet i\u00e7i e\u011fitim faaliyetleri d\u00fczenleme<\/li>\n\n\n\n<li>Nitelikli hasta muayene ve tedavi hizmetlerinin s\u00fcreklili\u011fini sa\u011flamak ve maddi kaynaklar\u0131 en ekonomik \u015fekilde kullanarak daha \u00e7ok say\u0131da hastaya muayene ve tedavi hizmeti vermek<\/li>\n\n\n\n<li>Modern \u00e7a\u011f\u0131n gerektirdi\u011fi teknolojik geli\u015fmelerin imkanlar\u0131 kullan\u0131larak kolay ula\u015f\u0131labilir, disiplinli, nitelikli, ekonomik, s\u00fcrekli geli\u015fen g\u00fcvenilir sa\u011fl\u0131k hizmeti sunmak.<\/li>\n\n\n\n<li>Hasta g\u00fcvenli\u011finin sa\u011flanmas\u0131 ve memnuniyetinin artt\u0131r\u0131lmas\u0131,<\/li>\n\n\n\n<li>&nbsp;\u00c7al\u0131\u015fanlar\u0131n g\u00fcvenli\u011finin sa\u011flanmas\u0131 ve memnuniyetinin artt\u0131r\u0131lmas\u0131,<\/li>\n\n\n\n<li>\u0130sraf\u0131n \u00f6nlenmesi<\/li>\n<\/ul>\n","protected":false},"excerpt":{"rendered":"<p>KURUMSAL AMA\u00c7&nbsp;&nbsp; B\u00fct\u00fcn sa\u011fl\u0131k sistemlerinin ve hizmetlerinin 4 temel ilkesi olan; 1.Etkililik(kan\u0131ta dayal\u0131 t\u0131p)&nbsp;ilkesini; koruyucu tedaviyi \u00f6n planda tutarak, hemodiyaliz sorunlar\u0131n\u0131 bilimsel ve etik kurallara uygun olarak yerine getirerek, 2.Verimlilik&nbsp;ilkesini; kalite standartlar\u0131na uygun \u00e7al\u0131\u015fma ortam\u0131n\u0131 sa\u011flayarak, &nbsp;3. Hakkaniyet(temel\/sa\u011fl\u0131k hukuku) ilkesini; hasta ve \u00e7al\u0131\u015fan memnuniyetlerini en \u00fcst d\u00fczeyde tutarak; 4.\u0130nsaniyet(hizmet kalitesi) ilkesini; kaliteli ve kolay ula\u015f\u0131labilir [&hellip;]<\/p>\n","protected":false},"author":6,"featured_media":0,"parent":0,"menu_order":0,"comment_status":"closed","ping_status":"closed","template":"","meta":{"footnotes":""},"class_list":["post-260","page","type-page","status-publish","hentry"],"_links":{"self":[{"href":"http:\/\/www.afyoncandiyaliz.com\/index.php\/wp-json\/wp\/v2\/pages\/260","targetHints":{"allow":["GET"]}}],"collection":[{"href":"http:\/\/www.afyoncandiyaliz.com\/index.php\/wp-json\/wp\/v2\/pages"}],"about":[{"href":"http:\/\/www.afyoncandiyaliz.com\/index.php\/wp-json\/wp\/v2\/types\/page"}],"author":[{"embeddable":true,"href":"http:\/\/www.afyoncandiyaliz.com\/index.php\/wp-json\/wp\/v2\/users\/6"}],"replies":[{"embeddable":true,"href":"http:\/\/www.afyoncandiyaliz.com\/index.php\/wp-json\/wp\/v2\/comments?post=260"}],"version-history":[{"count":1,"href":"http:\/\/www.afyoncandiyaliz.com\/index.php\/wp-json\/wp\/v2\/pages\/260\/revisions"}],"predecessor-version":[{"id":261,"href":"http:\/\/www.afyoncandiyaliz.com\/index.php\/wp-json\/wp\/v2\/pages\/260\/revisions\/261"}],"wp:attachment":[{"href":"http:\/\/www.afyoncandiyaliz.com\/index.php\/wp-json\/wp\/v2\/media?parent=260"}],"curies":[{"name":"wp","href":"https:\/\/api.w.org\/{rel}","templated":true}]}}